{"id":451,"date":"2025-07-08T13:50:23","date_gmt":"2025-07-08T13:50:23","guid":{"rendered":"https:\/\/neu.physiopraxis-hollerbach.de\/?page_id=451"},"modified":"2025-07-25T08:17:54","modified_gmt":"2025-07-25T08:17:54","slug":"babys-kinder-und-jugendliche","status":"publish","type":"page","link":"https:\/\/physiopraxis-hollerbach.de\/?page_id=451","title":{"rendered":"Babys, Kinder und Jugendliche"},"content":{"rendered":"\n<div class=\"wp-block-cover alignfull is-light has-custom-content-position is-position-bottom-center\" style=\"min-height:675px;aspect-ratio:unset;\"><img loading=\"lazy\" decoding=\"async\" width=\"1024\" height=\"683\" class=\"wp-block-cover__image-background wp-image-565 size-large\" alt=\"\" src=\"https:\/\/physiopraxis-hollerbach.de\/wp-content\/uploads\/2025\/07\/Kerstin-Burghard-Fotografie_Physio-Hollerbach-2-von-133-1024x683.jpg\" data-object-fit=\"cover\" srcset=\"https:\/\/physiopraxis-hollerbach.de\/wp-content\/uploads\/2025\/07\/Kerstin-Burghard-Fotografie_Physio-Hollerbach-2-von-133-1024x683.jpg 1024w, https:\/\/physiopraxis-hollerbach.de\/wp-content\/uploads\/2025\/07\/Kerstin-Burghard-Fotografie_Physio-Hollerbach-2-von-133-300x200.jpg 300w, https:\/\/physiopraxis-hollerbach.de\/wp-content\/uploads\/2025\/07\/Kerstin-Burghard-Fotografie_Physio-Hollerbach-2-von-133-768x512.jpg 768w, https:\/\/physiopraxis-hollerbach.de\/wp-content\/uploads\/2025\/07\/Kerstin-Burghard-Fotografie_Physio-Hollerbach-2-von-133-1536x1024.jpg 1536w, https:\/\/physiopraxis-hollerbach.de\/wp-content\/uploads\/2025\/07\/Kerstin-Burghard-Fotografie_Physio-Hollerbach-2-von-133-2048x1365.jpg 2048w\" sizes=\"auto, (max-width: 1024px) 100vw, 1024px\" \/><span aria-hidden=\"true\" class=\"wp-block-cover__background has-background-dim-10 has-background-dim\" style=\"background-color:#c5a6ac\"><\/span><div class=\"wp-block-cover__inner-container is-layout-flow wp-block-cover-is-layout-flow\">\n<h2 class=\"wp-block-heading\"><strong><mark style=\"background-color:rgba(0, 0, 0, 0);color:#ffffff\" class=\"has-inline-color\">Babys, Kinder und Jugendliche<\/mark><\/strong><\/h2>\n<\/div><\/div>\n\n\n\n<p><span class=\"OYPEnA font-feature-liga-off font-feature-clig-off font-feature-calt-off text-decoration-none text-strikethrough-none white-space-prewrap\" style=\"white-space: normal; font-weight: 700; font-kerning: none;\"><\/span><\/p>\n\n\n\n<div class=\"wp-block-columns is-layout-flex wp-container-core-columns-is-layout-28f84493 wp-block-columns-is-layout-flex\">\n<div class=\"wp-block-column is-layout-flow wp-block-column-is-layout-flow\" style=\"flex-basis:33.33%\">\n<figure class=\"wp-block-image aligncenter size-large is-resized\"><img loading=\"lazy\" decoding=\"async\" width=\"683\" height=\"1024\" src=\"https:\/\/physiopraxis-hollerbach.de\/wp-content\/uploads\/2025\/07\/Kerstin-Burghard-Fotografie_Physio-Hollerbach-125-von-133-683x1024.jpg\" alt=\"\" class=\"wp-image-563\" style=\"width:212px;height:auto\" srcset=\"https:\/\/physiopraxis-hollerbach.de\/wp-content\/uploads\/2025\/07\/Kerstin-Burghard-Fotografie_Physio-Hollerbach-125-von-133-683x1024.jpg 683w, https:\/\/physiopraxis-hollerbach.de\/wp-content\/uploads\/2025\/07\/Kerstin-Burghard-Fotografie_Physio-Hollerbach-125-von-133-200x300.jpg 200w, https:\/\/physiopraxis-hollerbach.de\/wp-content\/uploads\/2025\/07\/Kerstin-Burghard-Fotografie_Physio-Hollerbach-125-von-133-768x1152.jpg 768w, https:\/\/physiopraxis-hollerbach.de\/wp-content\/uploads\/2025\/07\/Kerstin-Burghard-Fotografie_Physio-Hollerbach-125-von-133-1024x1536.jpg 1024w, https:\/\/physiopraxis-hollerbach.de\/wp-content\/uploads\/2025\/07\/Kerstin-Burghard-Fotografie_Physio-Hollerbach-125-von-133-1365x2048.jpg 1365w, https:\/\/physiopraxis-hollerbach.de\/wp-content\/uploads\/2025\/07\/Kerstin-Burghard-Fotografie_Physio-Hollerbach-125-von-133-scaled.jpg 1707w\" sizes=\"auto, (max-width: 683px) 100vw, 683px\" \/><\/figure>\n<\/div>\n\n\n\n<div class=\"wp-block-column is-layout-flow wp-block-column-is-layout-flow\" style=\"flex-basis:66.66%\">\n<h2 class=\"wp-block-heading\"><strong><strong>F\u00fcr die Kleinsten und die, die gerade gro\u00df werden<\/strong><\/strong><\/h2>\n\n\n\n<div class=\"wp-block-columns is-layout-flex wp-container-core-columns-is-layout-28f84493 wp-block-columns-is-layout-flex\">\n<div class=\"wp-block-column is-layout-flow wp-block-column-is-layout-flow\">\n<p>Kinder sind keine kleinen Erwachsenen \u2013 sie brauchen Raum, Verst\u00e4ndnis und eine ganz eigene Form der physiotherapeutischen Begleitung.<\/p>\n\n\n\n<p>In unserer Praxis begleiten wir Babys, Kinder und Jugendliche mit viel Herz, fachlicher Kompetenz und einem geschulten Blick f\u00fcr Entwicklung, Bewegung und Pers\u00f6nlichkeit.<\/p>\n\n\n\n<p>Ob nach der Geburt, bei Entwicklungsverz\u00f6gerungen, Haltungsauff\u00e4lligkeiten oder bei chronischen Erkrankungen \u2013 wir sind an Ihrer Seite. Mit sanften, kindgerechten Methoden und einem liebevollen, respektvollen Umgang.<\/p>\n<\/div>\n<\/div>\n<\/div>\n<\/div>\n\n\n\n<div class=\"wp-block-columns is-layout-flex wp-container-core-columns-is-layout-28f84493 wp-block-columns-is-layout-flex\">\n<div class=\"wp-block-column is-layout-flow wp-block-column-is-layout-flow\" style=\"flex-basis:66.66%\">\n<p><strong>Was uns wichtig ist:<\/strong><\/p>\n\n\n\n<p id=\"yui_3_17_2_1_1751981486826_766\">Kinder sollen sich bei uns wohlf\u00fchlen. Deshalb arbeiten wir spielerisch, altersgerecht und in enger Zusammenarbeit mit den Eltern. Jede Therapie ist individuell auf die Bed\u00fcrfnisse des Kindes abgestimmt \u2013 mit dem Ziel, es in seiner Entwicklung zu st\u00e4rken, zu unterst\u00fctzen und ihm Vertrauen in den eigenen K\u00f6rper zu geben.<\/p>\n\n\n\n<p>Wir freuen uns auf kleine und gr\u00f6\u00dfere Held:innen \u2013 und auf die Begegnung mit Ihrer Familie.<\/p>\n<\/div>\n\n\n\n<div class=\"wp-block-column is-layout-flow wp-block-column-is-layout-flow\" style=\"flex-basis:33.33%\">\n<figure class=\"wp-block-image aligncenter size-large\"><img loading=\"lazy\" decoding=\"async\" width=\"1024\" height=\"819\" src=\"https:\/\/physiopraxis-hollerbach.de\/wp-content\/uploads\/2025\/07\/Design-ohne-Titel-2-1024x819.png\" alt=\"\" class=\"wp-image-568\" srcset=\"https:\/\/physiopraxis-hollerbach.de\/wp-content\/uploads\/2025\/07\/Design-ohne-Titel-2-1024x819.png 1024w, https:\/\/physiopraxis-hollerbach.de\/wp-content\/uploads\/2025\/07\/Design-ohne-Titel-2-300x240.png 300w, https:\/\/physiopraxis-hollerbach.de\/wp-content\/uploads\/2025\/07\/Design-ohne-Titel-2-768x614.png 768w, https:\/\/physiopraxis-hollerbach.de\/wp-content\/uploads\/2025\/07\/Design-ohne-Titel-2.png 1350w\" sizes=\"auto, (max-width: 1024px) 100vw, 1024px\" \/><\/figure>\n<\/div>\n<\/div>\n\n\n\n<div class=\"wp-block-cover alignfull is-light\"><img loading=\"lazy\" decoding=\"async\" width=\"916\" height=\"1024\" class=\"wp-block-cover__image-background wp-image-474 size-large\" alt=\"\" src=\"https:\/\/physiopraxis-hollerbach.de\/wp-content\/uploads\/2025\/07\/Webseite-Hollerbach-4-916x1024.png\" data-object-fit=\"cover\" srcset=\"https:\/\/physiopraxis-hollerbach.de\/wp-content\/uploads\/2025\/07\/Webseite-Hollerbach-4-916x1024.png 916w, https:\/\/physiopraxis-hollerbach.de\/wp-content\/uploads\/2025\/07\/Webseite-Hollerbach-4-268x300.png 268w, https:\/\/physiopraxis-hollerbach.de\/wp-content\/uploads\/2025\/07\/Webseite-Hollerbach-4-768x859.png 768w, https:\/\/physiopraxis-hollerbach.de\/wp-content\/uploads\/2025\/07\/Webseite-Hollerbach-4.png 1366w\" sizes=\"auto, (max-width: 916px) 100vw, 916px\" \/><span aria-hidden=\"true\" class=\"wp-block-cover__background has-background-dim\" style=\"background-color:#ebe9f3\"><\/span><div class=\"wp-block-cover__inner-container is-layout-flow wp-block-cover-is-layout-flow\">\n<div class=\"wp-block-group alignfull is-layout-constrained wp-block-group-is-layout-constrained\">\n<p class=\"has-text-align-center has-large-font-size\"><strong>Unser Therapieangebot<\/strong><\/p>\n\n\n\n<div class=\"wp-block-cb-carousel-v2 cb-carousel-block\" data-cb-slides-per-view=\"1\" data-cb-slides-per-group=\"1\" data-cb-space-between=\"15\" data-cb-speed=\"300\" data-cb-navigation=\"true\" data-cb-pagination=\"true\" data-cb-breakpoints=\"{&quot;768&quot;:{&quot;slidesPerView&quot;:3,&quot;slidesPerGroup&quot;:1}}\"><div class=\"swiper\"><div class=\"cb-wrapper swiper-wrapper\">\n<div class=\"wp-block-cb-slide-v2 cb-slide swiper-slide\">\n<h2 class=\"wp-block-heading has-text-align-left\"><strong><strong><strong>Vojta <\/strong><\/strong>Therapie<\/strong><br>\u201eje fr\u00fcher desto besser\u201c<\/h2>\n\n\n\n<p><mark style=\"background-color:rgba(0, 0, 0, 0)\" class=\"has-inline-color has-ast-global-color-2-color\"><strong>Behandlung bei:&nbsp;<\/strong><br>\u2022 <strong>Entwicklungs und&nbsp;<\/strong><br>\u2022 <strong>Bewegungsst\u00f6rungen&nbsp;&nbsp;<\/strong><br><br><strong>Sie kann von Geburt an bis ins hohe Alter durchgef\u00fchrt werden<\/strong><\/mark><\/p>\n<\/div>\n\n\n\n<div class=\"wp-block-cb-slide-v2 cb-slide swiper-slide\">\n<h2 class=\"wp-block-heading has-text-align-left\"><strong><mark style=\"background-color:rgba(0, 0, 0, 0);color:#7967b9\" class=\"has-inline-color\">3-Dimensionale manuelle Fu\u00dftherapie<\/mark><\/strong><\/h2>\n\n\n\n<p><mark style=\"background-color:rgba(0, 0, 0, 0);color:#7967b9\" class=\"has-inline-color\">Spezielle Mobilisationsgriffen an den F\u00fc\u00dfen und dem anschlie\u00dfendem fixieren mit einer Fu\u00dfbandage<br><br><strong>Behandlung bei:&nbsp;<\/strong><br>\u2022 Klumpfu\u00df<br>\u2022 Knick-Senkfu\u00df<br>\u2022 Sichelfu\u00df<br>\u2022 Hackenfu\u00df<\/mark><\/p>\n<\/div>\n\n\n\n<div class=\"wp-block-cb-slide-v2 cb-slide swiper-slide\">\n<h2 class=\"wp-block-heading has-text-align-left\"><strong><strong>Handling nach Bobath<\/strong><\/strong><br><\/h2>\n\n\n\n<p><mark style=\"background-color:rgba(0, 0, 0, 0)\" class=\"has-inline-color has-ast-global-color-2-color\">Mit \u201eHandling\u201c ist die t\u00e4gliche \u201eHandhabung\u201c des Kindes gemeint,<br><br><strong>bei folgenden Auff\u00e4lligkeiten:&nbsp;<\/strong><br>\u2022 auff\u00e4llige Bewegungsmuster <br>\u2022 auff\u00e4llige Haltung <br>\u2022 Entwicklungsverz\u00f6gerungen<\/mark><\/p>\n<\/div>\n\n\n\n<div class=\"wp-block-cb-slide-v2 cb-slide swiper-slide\">\n<h2 class=\"wp-block-heading has-text-align-left\"><strong><mark style=\"background-color:rgba(0, 0, 0, 0);color:#7967b9\" class=\"has-inline-color\">Kinesiologie<\/mark><\/strong><br><\/h2>\n\n\n\n<p><a href=\"https:\/\/physiopraxis-hollerbach.de\/?page_id=490\" data-type=\"page\" data-id=\"490\"><mark style=\"background-color:rgba(0, 0, 0, 0)\" class=\"has-inline-color has-ast-global-color-1-color\"> mehr Infos<\/mark><\/a><\/p>\n<\/div>\n<\/div><\/div><div class=\"cb-pagination swiper-pagination\"><\/div><div class=\"cb-button-prev swiper-button-prev\"><\/div><div class=\"cb-button-next swiper-button-next\"><\/div><\/div>\n<\/div>\n<\/div><\/div>\n\n\n\n<p><\/p>\n","protected":false},"excerpt":{"rendered":"<p>F\u00fcr die Kleinsten und die, die gerade gro\u00df werden Kinder sind keine kleinen Erwachsenen \u2013 sie brauchen Raum, Verst\u00e4ndnis und [&hellip;]<\/p>\n","protected":false},"author":2,"featured_media":0,"parent":0,"menu_order":0,"comment_status":"closed","ping_status":"closed","template":"","meta":{"site-sidebar-layout":"default","site-content-layout":"","ast-site-content-layout":"default","site-content-style":"default","site-sidebar-style":"default","ast-global-header-display":"","ast-banner-title-visibility":"","ast-main-header-display":"","ast-hfb-above-header-display":"","ast-hfb-below-header-display":"","ast-hfb-mobile-header-display":"","site-post-title":"disabled","ast-breadcrumbs-content":"","ast-featured-img":"","footer-sml-layout":"","ast-disable-related-posts":"","theme-transparent-header-meta":"","adv-header-id-meta":"","stick-header-meta":"","header-above-stick-meta":"","header-main-stick-meta":"","header-below-stick-meta":"","astra-migrate-meta-layouts":"default","ast-page-background-enabled":"default","ast-page-background-meta":{"desktop":{"background-color":"var(--ast-global-color-5)","background-image":"","background-repeat":"repeat","background-position":"center center","background-size":"auto","background-attachment":"scroll","background-type":"","background-media":"","overlay-type":"","overlay-color":"","overlay-opacity":"","overlay-gradient":""},"tablet":{"background-color":"","background-image":"","background-repeat":"repeat","background-position":"center center","background-size":"auto","background-attachment":"scroll","background-type":"","background-media":"","overlay-type":"","overlay-color":"","overlay-opacity":"","overlay-gradient":""},"mobile":{"background-color":"","background-image":"","background-repeat":"repeat","background-position":"center center","background-size":"auto","background-attachment":"scroll","background-type":"","background-media":"","overlay-type":"","overlay-color":"","overlay-opacity":"","overlay-gradient":""}},"ast-content-background-meta":{"desktop":{"background-color":"var(--ast-global-color-4)","background-image":"","background-repeat":"repeat","background-position":"center center","background-size":"auto","background-attachment":"scroll","background-type":"","background-media":"","overlay-type":"","overlay-color":"","overlay-opacity":"","overlay-gradient":""},"tablet":{"background-color":"var(--ast-global-color-4)","background-image":"","background-repeat":"repeat","background-position":"center center","background-size":"auto","background-attachment":"scroll","background-type":"","background-media":"","overlay-type":"","overlay-color":"","overlay-opacity":"","overlay-gradient":""},"mobile":{"background-color":"var(--ast-global-color-4)","background-image":"","background-repeat":"repeat","background-position":"center center","background-size":"auto","background-attachment":"scroll","background-type":"","background-media":"","overlay-type":"","overlay-color":"","overlay-opacity":"","overlay-gradient":""}},"footnotes":""},"class_list":["post-451","page","type-page","status-publish","hentry"],"_links":{"self":[{"href":"https:\/\/physiopraxis-hollerbach.de\/index.php?rest_route=\/wp\/v2\/pages\/451","targetHints":{"allow":["GET"]}}],"collection":[{"href":"https:\/\/physiopraxis-hollerbach.de\/index.php?rest_route=\/wp\/v2\/pages"}],"about":[{"href":"https:\/\/physiopraxis-hollerbach.de\/index.php?rest_route=\/wp\/v2\/types\/page"}],"author":[{"embeddable":true,"href":"https:\/\/physiopraxis-hollerbach.de\/index.php?rest_route=\/wp\/v2\/users\/2"}],"replies":[{"embeddable":true,"href":"https:\/\/physiopraxis-hollerbach.de\/index.php?rest_route=%2Fwp%2Fv2%2Fcomments&post=451"}],"version-history":[{"count":17,"href":"https:\/\/physiopraxis-hollerbach.de\/index.php?rest_route=\/wp\/v2\/pages\/451\/revisions"}],"predecessor-version":[{"id":594,"href":"https:\/\/physiopraxis-hollerbach.de\/index.php?rest_route=\/wp\/v2\/pages\/451\/revisions\/594"}],"wp:attachment":[{"href":"https:\/\/physiopraxis-hollerbach.de\/index.php?rest_route=%2Fwp%2Fv2%2Fmedia&parent=451"}],"curies":[{"name":"wp","href":"https:\/\/api.w.org\/{rel}","templated":true}]}}