{"id":490,"date":"2025-07-08T15:51:51","date_gmt":"2025-07-08T15:51:51","guid":{"rendered":"https:\/\/neu.physiopraxis-hollerbach.de\/?page_id=490"},"modified":"2025-07-25T08:11:45","modified_gmt":"2025-07-25T08:11:45","slug":"kinesiologie","status":"publish","type":"page","link":"https:\/\/physiopraxis-hollerbach.de\/?page_id=490","title":{"rendered":"Kinesiologie"},"content":{"rendered":"\n<div class=\"wp-block-cover alignfull is-light has-custom-content-position is-position-bottom-center\" style=\"min-height:686px;aspect-ratio:unset;\"><img loading=\"lazy\" decoding=\"async\" width=\"1024\" height=\"576\" class=\"wp-block-cover__image-background wp-image-532 size-large\" alt=\"\" src=\"https:\/\/physiopraxis-hollerbach.de\/wp-content\/uploads\/2025\/07\/4-1-1024x576.png\" data-object-fit=\"cover\" srcset=\"https:\/\/physiopraxis-hollerbach.de\/wp-content\/uploads\/2025\/07\/4-1-1024x576.png 1024w, https:\/\/physiopraxis-hollerbach.de\/wp-content\/uploads\/2025\/07\/4-1-300x169.png 300w, https:\/\/physiopraxis-hollerbach.de\/wp-content\/uploads\/2025\/07\/4-1-768x432.png 768w, https:\/\/physiopraxis-hollerbach.de\/wp-content\/uploads\/2025\/07\/4-1.png 1366w\" sizes=\"auto, (max-width: 1024px) 100vw, 1024px\" \/><span aria-hidden=\"true\" class=\"wp-block-cover__background has-background-dim-10 has-background-dim\" style=\"background-color:#b3a4af\"><\/span><div class=\"wp-block-cover__inner-container is-layout-flow wp-block-cover-is-layout-flow\">\n<h2 class=\"wp-block-heading\"><strong><mark style=\"background-color:rgba(0, 0, 0, 0);color:#ffffff\" class=\"has-inline-color\">Kinesiologie<\/mark><\/strong><\/h2>\n<\/div><\/div>\n\n\n\n<div class=\"wp-block-cover alignfull\"><span aria-hidden=\"true\" class=\"wp-block-cover__background has-ast-global-color-1-background-color has-background-dim-100 has-background-dim\"><\/span><div class=\"wp-block-cover__inner-container is-layout-constrained wp-block-cover-is-layout-constrained\">\n<h2 class=\"wp-block-heading has-text-align-center has-large-font-size\"><strong><mark style=\"background-color:rgba(0, 0, 0, 0)\" class=\"has-inline-color has-ast-global-color-5-color\">Wenn K\u00f6rper und Seele gemeinsam sprechen<\/mark><\/strong><\/h2>\n\n\n\n<p><mark style=\"background-color:rgba(0, 0, 0, 0)\" class=\"has-inline-color has-ast-global-color-4-color\">Manchmal zeigt der K\u00f6rper Symptome \u2013 aber die Ursache liegt tiefer.<br><br>Die Kinesiologie ist eine sanfte, ganzheitliche Methode, die den Menschen in seiner Gesamtheit betrachtet: k\u00f6rperlich, emotional, mental.<br><br>In unserer Praxis bieten wir Ihnen Kinesiologie als erg\u00e4nzenden Weg zur klassischen Physiotherapie \u2013 oder als eigenst\u00e4ndige, tiefgehende Unterst\u00fctzung in pers\u00f6nlichen oder gesundheitlichen Prozessen.<br><br>Im Mittelpunkt steht der <strong>kinesiologische Muskeltest <\/strong>\u2013 er zeigt, wo im System <strong>Stress, Blockaden oder Ungleichgewichte<\/strong>bestehen. Und vor allem: was Sie st\u00e4rkt.<br><br>Kinesiologie kann unterst\u00fctzen bei:<\/mark><\/p>\n\n\n\n<ul class=\"wp-block-list\">\n<li>Stress &amp; Ersch\u00f6pfung<\/li>\n\n\n\n<li>Anhaltenden k\u00f6rperlichen Beschwerden ohne klare Ursache<\/li>\n\n\n\n<li>Emotionalen Belastungen oder \u00c4ngsten<\/li>\n\n\n\n<li>Schlafproblemen oder innerer Unruhe<\/li>\n\n\n\n<li>Einschr\u00e4nkenden Glaubensmustern oder Entscheidungskonflikten<\/li>\n\n\n\n<li>Lern- und Konzentrationsproblemen bei Kindern &amp; Jugendlichen<\/li>\n<\/ul>\n\n\n\n<p><mark style=\"background-color:rgba(0, 0, 0, 0)\" class=\"has-inline-color has-ast-global-color-4-color\">Dabei ist jede Sitzung individuell, fein abgestimmt \u2013 und richtet sich nach dem, was Ihr System gerade braucht.<br><br><strong>Die Kinesiologie arbeitet nicht an der Krankheit, sondern an der Balance.<\/strong> Sie aktiviert Selbstheilungskr\u00e4fte, st\u00e4rkt die Eigenwahrnehmung und macht oft den entscheidenden Unterschied, wenn \u201eklassisch\u201c allein nicht weiterf\u00fchrt.<br><br>Ob begleitend zur Physiotherapie oder als eigenst\u00e4ndige Sitzung:<br><br>Wir freuen uns, wenn wir Sie auf diesem Weg unterst\u00fctzen d\u00fcrfen.<\/mark><\/p>\n<\/div><\/div>\n\n\n\n<p><\/p>\n\n\n\n<h1 class=\"wp-block-heading has-text-align-center\"><strong><mark style=\"background-color:rgba(0, 0, 0, 0)\" class=\"has-inline-color has-ast-global-color-1-color\">Unser Leistungsangebot<\/mark><\/strong><\/h1>\n\n\n\n<div class=\"wp-block-columns is-layout-flex wp-container-core-columns-is-layout-28f84493 wp-block-columns-is-layout-flex\">\n<div class=\"wp-block-column is-layout-flow wp-block-column-is-layout-flow\" style=\"flex-basis:33.33%\">\n<figure class=\"wp-block-image aligncenter size-large is-resized\"><img loading=\"lazy\" decoding=\"async\" width=\"819\" height=\"1024\" src=\"https:\/\/physiopraxis-hollerbach.de\/wp-content\/uploads\/2025\/07\/Design-ohne-Titel-819x1024.png\" alt=\"\" class=\"wp-image-546\" style=\"width:264px;height:auto\" srcset=\"https:\/\/physiopraxis-hollerbach.de\/wp-content\/uploads\/2025\/07\/Design-ohne-Titel-819x1024.png 819w, https:\/\/physiopraxis-hollerbach.de\/wp-content\/uploads\/2025\/07\/Design-ohne-Titel-240x300.png 240w, https:\/\/physiopraxis-hollerbach.de\/wp-content\/uploads\/2025\/07\/Design-ohne-Titel-768x960.png 768w, https:\/\/physiopraxis-hollerbach.de\/wp-content\/uploads\/2025\/07\/Design-ohne-Titel.png 1080w\" sizes=\"auto, (max-width: 819px) 100vw, 819px\" \/><\/figure>\n<\/div>\n\n\n\n<div class=\"wp-block-column is-layout-flow wp-block-column-is-layout-flow\" style=\"flex-basis:66.66%\">\n<h2 class=\"wp-block-heading\"><strong><strong><strong><strong>Angewandte Kinesiologie<\/strong><\/strong><\/strong><\/strong><\/h2>\n\n\n\n<div class=\"wp-block-columns is-layout-flex wp-container-core-columns-is-layout-28f84493 wp-block-columns-is-layout-flex\">\n<div class=\"wp-block-column is-layout-flow wp-block-column-is-layout-flow\">\n<p>Kinesiologie ist die Lehre von Bewegung, genauer gesagt, dem Energieflu\u00df in unserem K\u00f6rper und Gehirn.<\/p>\n\n\n\n<p>Die \u201eAngewandte Kinesiologie\u201c kann mit Hilfe des kinesiologischen Muskeltests (unserem k\u00f6rpereigenem Feedbacksystems) Blockaden auf k\u00f6rperlicher, psychischer und geistiger Ebene positiv beeinflussen oder aufl\u00f6sen.<\/p>\n<\/div>\n<\/div>\n<\/div>\n<\/div>\n\n\n\n<div class=\"wp-block-columns are-vertically-aligned-top is-layout-flex wp-container-core-columns-is-layout-28f84493 wp-block-columns-is-layout-flex\">\n<div class=\"wp-block-column is-vertically-aligned-top is-layout-flow wp-block-column-is-layout-flow\">\n<div style=\"\n  background-color: #9E93C4;\n  color: #ffffff;\n font-family: 'Poppins', sans-serif;\n  padding: 20px;\n  border-radius: 10px;\n  max-width: 600px;\n  margin: 0 auto;\n\"><p><\/p>\n<h3 style=\"margin-top: 0;\">Im Alltag<\/h3>\n<p>\u2022 Hilfe zur Selbsthilfe bei k\u00f6rperlichen Beschwerden (Schmerzen),<p>\n\n<p>\u2022 Stressmanagement<p>\n\n<p>\u2022 Lebensmittel austesten und Vertr\u00e4glichkeiten kl\u00e4ren\n\n<p>\u2022 Lebensfreude steigern\n\n<p>\u2022 Eigene Potenziale zu erkennen und umzusetzen\u00a0\n\n<p>\u2022 f\u00fcr beruflichen Erfolg\u00a0\n<p>\u2022 zur Pers\u00f6nlichkeitsentfaltung\n  <\/p>\n<\/div>\n<\/div>\n\n\n\n<div class=\"wp-block-column is-vertically-aligned-top is-layout-flow wp-block-column-is-layout-flow\">\n<div style=\"\n  background-color: #9E93C4;\n  color: #ffffff;\n font-family: 'Poppins', sans-serif;\n  padding: 20px;\n  border-radius: 10px;\n  max-width: 600px;\n  margin: 0 auto;\n\"><p><\/p>\n<h3 style=\"margin-top: 0;\">In Schule und Kindergarten<\/h3>\n<p>\u2022 K\u00f6rperlichen und psychischen Ausgleich schaffen (Integration von fr\u00fchkindlichen Reflexen)\n\n<p>\u2022 Voraussetzungen f\u00fcrs Lernen schaffen\n\n<p>\u2022 Koordination und Konzentration steigern\n\n<p>\u2022 Lernschw\u00e4chen ausgleichen.\n  <\/p>\n<\/div>\n<\/div>\n\n\n\n<div class=\"wp-block-column is-vertically-aligned-top is-layout-flow wp-block-column-is-layout-flow\">\n<div style=\"\n  background-color: #9E93C4;\n  color: #ffffff;\n font-family: 'Poppins', sans-serif;\n  padding: 20px;\n  border-radius: 10px;\n  max-width: 600px;\n  margin: 0 auto;\n\"><p><\/p>\n<h3 style=\"margin-top: 0;\">Im Sport<\/h3>\n<p>\u2022 Eigenwahrnehmung steigern\n<p>\u2022 Bewegungsabl\u00e4ufe und Koordination verbessern\n<p>\u2022 Leistung steigern\n\n  <\/p>\n<\/div>\n<\/div>\n<\/div>\n\n\n\n<div class=\"wp-block-cover alignfull is-light\"><img loading=\"lazy\" decoding=\"async\" width=\"916\" height=\"1024\" class=\"wp-block-cover__image-background wp-image-474 size-large\" alt=\"\" src=\"https:\/\/physiopraxis-hollerbach.de\/wp-content\/uploads\/2025\/07\/Webseite-Hollerbach-4-916x1024.png\" data-object-fit=\"cover\" srcset=\"https:\/\/physiopraxis-hollerbach.de\/wp-content\/uploads\/2025\/07\/Webseite-Hollerbach-4-916x1024.png 916w, https:\/\/physiopraxis-hollerbach.de\/wp-content\/uploads\/2025\/07\/Webseite-Hollerbach-4-268x300.png 268w, https:\/\/physiopraxis-hollerbach.de\/wp-content\/uploads\/2025\/07\/Webseite-Hollerbach-4-768x859.png 768w, https:\/\/physiopraxis-hollerbach.de\/wp-content\/uploads\/2025\/07\/Webseite-Hollerbach-4.png 1366w\" sizes=\"auto, (max-width: 916px) 100vw, 916px\" \/><span aria-hidden=\"true\" class=\"wp-block-cover__background has-background-dim\" style=\"background-color:#ebe9f3\"><\/span><div class=\"wp-block-cover__inner-container is-layout-flow wp-block-cover-is-layout-flow\">\n<h2 class=\"wp-block-heading has-text-align-center\">Reflexintegration<\/h2>\n\n\n\n<h2 class=\"wp-block-heading has-text-align-center\">Gehirnintegration<\/h2>\n\n\n\n<h2 class=\"wp-block-heading has-text-align-center\"><strong>k\u00f6rperliche \/ psychologische Unterst\u00fctzung<\/strong><\/h2>\n<\/div><\/div>\n","protected":false},"excerpt":{"rendered":"<p>Unser Leistungsangebot Angewandte Kinesiologie Kinesiologie ist die Lehre von Bewegung, genauer gesagt, dem Energieflu\u00df in unserem K\u00f6rper und Gehirn. Die [&hellip;]<\/p>\n","protected":false},"author":2,"featured_media":0,"parent":0,"menu_order":0,"comment_status":"closed","ping_status":"closed","template":"","meta":{"site-sidebar-layout":"default","site-content-layout":"","ast-site-content-layout":"default","site-content-style":"default","site-sidebar-style":"default","ast-global-header-display":"","ast-banner-title-visibility":"","ast-main-header-display":"","ast-hfb-above-header-display":"","ast-hfb-below-header-display":"","ast-hfb-mobile-header-display":"","site-post-title":"disabled","ast-breadcrumbs-content":"","ast-featured-img":"","footer-sml-layout":"","ast-disable-related-posts":"","theme-transparent-header-meta":"","adv-header-id-meta":"","stick-header-meta":"","header-above-stick-meta":"","header-main-stick-meta":"","header-below-stick-meta":"","astra-migrate-meta-layouts":"default","ast-page-background-enabled":"default","ast-page-background-meta":{"desktop":{"background-color":"var(--ast-global-color-5)","background-image":"","background-repeat":"repeat","background-position":"center center","background-size":"auto","background-attachment":"scroll","background-type":"","background-media":"","overlay-type":"","overlay-color":"","overlay-opacity":"","overlay-gradient":""},"tablet":{"background-color":"","background-image":"","background-repeat":"repeat","background-position":"center center","background-size":"auto","background-attachment":"scroll","background-type":"","background-media":"","overlay-type":"","overlay-color":"","overlay-opacity":"","overlay-gradient":""},"mobile":{"background-color":"","background-image":"","background-repeat":"repeat","background-position":"center center","background-size":"auto","background-attachment":"scroll","background-type":"","background-media":"","overlay-type":"","overlay-color":"","overlay-opacity":"","overlay-gradient":""}},"ast-content-background-meta":{"desktop":{"background-color":"var(--ast-global-color-4)","background-image":"","background-repeat":"repeat","background-position":"center center","background-size":"auto","background-attachment":"scroll","background-type":"","background-media":"","overlay-type":"","overlay-color":"","overlay-opacity":"","overlay-gradient":""},"tablet":{"background-color":"var(--ast-global-color-4)","background-image":"","background-repeat":"repeat","background-position":"center center","background-size":"auto","background-attachment":"scroll","background-type":"","background-media":"","overlay-type":"","overlay-color":"","overlay-opacity":"","overlay-gradient":""},"mobile":{"background-color":"var(--ast-global-color-4)","background-image":"","background-repeat":"repeat","background-position":"center center","background-size":"auto","background-attachment":"scroll","background-type":"","background-media":"","overlay-type":"","overlay-color":"","overlay-opacity":"","overlay-gradient":""}},"footnotes":""},"class_list":["post-490","page","type-page","status-publish","hentry"],"_links":{"self":[{"href":"https:\/\/physiopraxis-hollerbach.de\/index.php?rest_route=\/wp\/v2\/pages\/490","targetHints":{"allow":["GET"]}}],"collection":[{"href":"https:\/\/physiopraxis-hollerbach.de\/index.php?rest_route=\/wp\/v2\/pages"}],"about":[{"href":"https:\/\/physiopraxis-hollerbach.de\/index.php?rest_route=\/wp\/v2\/types\/page"}],"author":[{"embeddable":true,"href":"https:\/\/physiopraxis-hollerbach.de\/index.php?rest_route=\/wp\/v2\/users\/2"}],"replies":[{"embeddable":true,"href":"https:\/\/physiopraxis-hollerbach.de\/index.php?rest_route=%2Fwp%2Fv2%2Fcomments&post=490"}],"version-history":[{"count":16,"href":"https:\/\/physiopraxis-hollerbach.de\/index.php?rest_route=\/wp\/v2\/pages\/490\/revisions"}],"predecessor-version":[{"id":591,"href":"https:\/\/physiopraxis-hollerbach.de\/index.php?rest_route=\/wp\/v2\/pages\/490\/revisions\/591"}],"wp:attachment":[{"href":"https:\/\/physiopraxis-hollerbach.de\/index.php?rest_route=%2Fwp%2Fv2%2Fmedia&parent=490"}],"curies":[{"name":"wp","href":"https:\/\/api.w.org\/{rel}","templated":true}]}}