{"id":504,"date":"2025-07-08T16:39:29","date_gmt":"2025-07-08T16:39:29","guid":{"rendered":"https:\/\/neu.physiopraxis-hollerbach.de\/?page_id=504"},"modified":"2025-08-08T07:57:31","modified_gmt":"2025-08-08T07:57:31","slug":"jobs","status":"publish","type":"page","link":"https:\/\/physiopraxis-hollerbach.de\/?page_id=504","title":{"rendered":"Jobs"},"content":{"rendered":"\n<div class=\"wp-block-cover alignfull is-light has-custom-content-position is-position-bottom-left\" style=\"min-height:570px;aspect-ratio:unset;\"><img loading=\"lazy\" decoding=\"async\" width=\"1024\" height=\"618\" class=\"wp-block-cover__image-background wp-image-581 size-large\" alt=\"\" src=\"https:\/\/physiopraxis-hollerbach.de\/wp-content\/uploads\/2025\/07\/7-2-1024x618.png\" data-object-fit=\"cover\" srcset=\"https:\/\/physiopraxis-hollerbach.de\/wp-content\/uploads\/2025\/07\/7-2-1024x618.png 1024w, https:\/\/physiopraxis-hollerbach.de\/wp-content\/uploads\/2025\/07\/7-2-300x181.png 300w, https:\/\/physiopraxis-hollerbach.de\/wp-content\/uploads\/2025\/07\/7-2-768x464.png 768w, https:\/\/physiopraxis-hollerbach.de\/wp-content\/uploads\/2025\/07\/7-2.png 1366w\" sizes=\"auto, (max-width: 1024px) 100vw, 1024px\" \/><span aria-hidden=\"true\" class=\"wp-block-cover__background has-background-dim-10 has-background-dim\" style=\"background-color:#cdadb9\"><\/span><div class=\"wp-block-cover__inner-container is-layout-flow wp-block-cover-is-layout-flow\">\n<h2 class=\"wp-block-heading\"><strong><mark style=\"background-color:rgba(0, 0, 0, 0);color:#ffffff\" class=\"has-inline-color\">Jobs<\/mark><\/strong><\/h2>\n<\/div><\/div>\n\n\n\n<div class=\"wp-block-cover alignfull is-light has-custom-content-position is-position-bottom-left\" style=\"min-height:100vh;aspect-ratio:unset;\"><img loading=\"lazy\" decoding=\"async\" width=\"916\" height=\"1024\" class=\"wp-block-cover__image-background wp-image-474 size-large\" alt=\"\" src=\"https:\/\/physiopraxis-hollerbach.de\/wp-content\/uploads\/2025\/07\/Webseite-Hollerbach-4-916x1024.png\" data-object-fit=\"cover\" srcset=\"https:\/\/physiopraxis-hollerbach.de\/wp-content\/uploads\/2025\/07\/Webseite-Hollerbach-4-916x1024.png 916w, https:\/\/physiopraxis-hollerbach.de\/wp-content\/uploads\/2025\/07\/Webseite-Hollerbach-4-268x300.png 268w, https:\/\/physiopraxis-hollerbach.de\/wp-content\/uploads\/2025\/07\/Webseite-Hollerbach-4-768x859.png 768w, https:\/\/physiopraxis-hollerbach.de\/wp-content\/uploads\/2025\/07\/Webseite-Hollerbach-4.png 1366w\" sizes=\"auto, (max-width: 916px) 100vw, 916px\" \/><span aria-hidden=\"true\" class=\"wp-block-cover__background has-background-dim\" style=\"background-color:#ebe9f3\"><\/span><div class=\"wp-block-cover__inner-container is-layout-constrained wp-block-cover-is-layout-constrained\">\n<div class=\"wp-block-columns is-layout-flex wp-container-core-columns-is-layout-28f84493 wp-block-columns-is-layout-flex\">\n<div class=\"wp-block-column is-layout-flow wp-block-column-is-layout-flow\" style=\"flex-basis:33.33%\">\n<figure class=\"wp-block-image size-large\"><img loading=\"lazy\" decoding=\"async\" width=\"683\" height=\"1024\" src=\"https:\/\/physiopraxis-hollerbach.de\/wp-content\/uploads\/2025\/07\/Kerstin-Burghard-Fotografie_Physio-Hollerbach-20-von-133-1-683x1024.jpg\" alt=\"\" class=\"wp-image-586\" srcset=\"https:\/\/physiopraxis-hollerbach.de\/wp-content\/uploads\/2025\/07\/Kerstin-Burghard-Fotografie_Physio-Hollerbach-20-von-133-1-683x1024.jpg 683w, https:\/\/physiopraxis-hollerbach.de\/wp-content\/uploads\/2025\/07\/Kerstin-Burghard-Fotografie_Physio-Hollerbach-20-von-133-1-200x300.jpg 200w, https:\/\/physiopraxis-hollerbach.de\/wp-content\/uploads\/2025\/07\/Kerstin-Burghard-Fotografie_Physio-Hollerbach-20-von-133-1-768x1152.jpg 768w, https:\/\/physiopraxis-hollerbach.de\/wp-content\/uploads\/2025\/07\/Kerstin-Burghard-Fotografie_Physio-Hollerbach-20-von-133-1-1024x1536.jpg 1024w, https:\/\/physiopraxis-hollerbach.de\/wp-content\/uploads\/2025\/07\/Kerstin-Burghard-Fotografie_Physio-Hollerbach-20-von-133-1-1366x2048.jpg 1366w, https:\/\/physiopraxis-hollerbach.de\/wp-content\/uploads\/2025\/07\/Kerstin-Burghard-Fotografie_Physio-Hollerbach-20-von-133-1-scaled.jpg 1707w\" sizes=\"auto, (max-width: 683px) 100vw, 683px\" \/><figcaption class=\"wp-element-caption\"><mark style=\"background-color:rgba(0, 0, 0, 0)\" class=\"has-inline-color has-ast-global-color-2-color\">Sarah Hollerbach \u2022 Inhaberin<\/mark><\/figcaption><\/figure>\n<\/div>\n\n\n\n<div class=\"wp-block-column is-layout-flow wp-block-column-is-layout-flow\" style=\"flex-basis:66.66%\">\n<h2 class=\"wp-block-heading\"><strong><strong><strong><strong><strong><mark style=\"background-color:rgba(0, 0, 0, 0)\" class=\"has-inline-color has-ast-global-color-1-color\">Arbeiten, wo man sich wohlf\u00fchlt<\/mark><\/strong><\/strong><\/strong><\/strong><\/strong><\/h2>\n\n\n\n<div class=\"wp-block-columns is-layout-flex wp-container-core-columns-is-layout-28f84493 wp-block-columns-is-layout-flex\">\n<div class=\"wp-block-column is-layout-flow wp-block-column-is-layout-flow\">\n<p>Du liebst die Arbeit auf dem Land \u2013 mit der Stadt ums Eck?<br>Du willst gut verdienen, individuell gef\u00f6rdert werden und Spa\u00df im Team haben?<\/p>\n\n\n\n<p>Dann passt du zu uns!<\/p>\n\n\n\n<p>Wir bieten dir:<br>\u2022 \u00fcberdurchschnittliches Gehalt<br>\u2022 echte Wertsch\u00e4tzung<br>\u2022 Fortbildungen, die zu dir passen<br>\u2022 ein herzliches Team mit Humor<\/p>\n\n\n\n<p><strong>Melde dich einfach formlos \u2013 wir freuen uns auf dich!<\/strong><\/p>\n<\/div>\n<\/div>\n\n\n\n<div class=\"wp-block-columns is-layout-flex wp-container-core-columns-is-layout-28f84493 wp-block-columns-is-layout-flex\">\n<div class=\"wp-block-column is-layout-flow wp-block-column-is-layout-flow\" style=\"flex-basis:100%\">\n<div class=\"wp-block-buttons is-content-justification-left is-layout-flex wp-container-core-buttons-is-layout-fc4fd283 wp-block-buttons-is-layout-flex\">\n<div class=\"wp-block-button\"><a class=\"wp-block-button__link wp-element-button\">Email<\/a><\/div>\n\n\n\n<div class=\"wp-block-button\"><a class=\"wp-block-button__link wp-element-button\" href=\"tel:06324593552\">Telefon<\/a><\/div>\n<\/div>\n<\/div>\n<\/div>\n<\/div>\n<\/div>\n<\/div><\/div>\n\n\n\n<div class=\"wp-block-columns are-vertically-aligned-top is-layout-flex wp-container-core-columns-is-layout-28f84493 wp-block-columns-is-layout-flex\">\n<div class=\"wp-block-column is-vertically-aligned-top is-layout-flow wp-block-column-is-layout-flow\">\n<h2 class=\"wp-block-heading\"><mark style=\"background-color:var(--ast-global-color-1)\" class=\"has-inline-color\">Offene Stellen<\/mark><\/h2>\n\n\n\n<ul class=\"wp-block-list\">\n<li>Physiotherapeut (m\/w\/d)<\/li>\n<\/ul>\n<\/div>\n\n\n\n<div class=\"wp-block-column is-vertically-aligned-top is-layout-flow wp-block-column-is-layout-flow\">\n<div style=\"\n  background-color: #9E93C4;\n  color: #ffffff;\n font-family: 'Poppins', sans-serif;\n  padding: 20px;\n  border-radius: 10px;\n  max-width: 600px;\n  margin: 0 auto;\n\"><p><\/p>\n\n<p>\u2022 Vielf\u00e4ltige Therapiebereiche \u2013 von Baby bis Erwachsene, ganzheitlich &#038; individuell\n\n<p>\u2022 Unbefristete Festanstellung \u2013 sichere Perspektive in famili\u00e4rer Atmosph\u00e4re\n\n<p>Regelm\u00e4\u00dfige Teambesprechungen \u2013 f\u00fcr Austausch, Weiterentwicklung &#038; Zusammenhalt\n  <\/p>\n<\/div>\n<\/div>\n<\/div>\n\n\n\n<div class=\"wp-block-cover alignfull is-light has-custom-content-position is-position-bottom-center\"><img loading=\"lazy\" decoding=\"async\" width=\"1024\" height=\"361\" class=\"wp-block-cover__image-background wp-image-421 size-large\" alt=\"\" src=\"https:\/\/physiopraxis-hollerbach.de\/wp-content\/uploads\/2025\/07\/Webseite-Hollerbach-2-1024x361.png\" data-object-fit=\"cover\" srcset=\"https:\/\/physiopraxis-hollerbach.de\/wp-content\/uploads\/2025\/07\/Webseite-Hollerbach-2-1024x361.png 1024w, https:\/\/physiopraxis-hollerbach.de\/wp-content\/uploads\/2025\/07\/Webseite-Hollerbach-2-300x106.png 300w, https:\/\/physiopraxis-hollerbach.de\/wp-content\/uploads\/2025\/07\/Webseite-Hollerbach-2-768x271.png 768w, https:\/\/physiopraxis-hollerbach.de\/wp-content\/uploads\/2025\/07\/Webseite-Hollerbach-2.png 1366w\" sizes=\"auto, (max-width: 1024px) 100vw, 1024px\" \/><span aria-hidden=\"true\" class=\"wp-block-cover__background has-background-dim\" style=\"background-color:#f8f7fb\"><\/span><div class=\"wp-block-cover__inner-container is-layout-constrained wp-block-cover-is-layout-constrained\">\n<h3 class=\"wp-block-heading has-text-align-center\">Unsere Rezeption ist&nbsp;<strong>montags und mittwochs von 9:00 bis 14:00 Uhr<\/strong>&nbsp;pers\u00f6nlich besetzt.<br>Au\u00dferhalb dieser Zeiten erreichen Sie uns jederzeit \u00fcber den Anrufbeantworter \u2013 wir h\u00f6ren regelm\u00e4\u00dfig ab und melden uns schnellstm\u00f6glich bei Ihnen zur\u00fcck.<\/h3>\n\n\n\n<figure class=\"wp-block-image aligncenter size-full is-resized\"><img loading=\"lazy\" decoding=\"async\" width=\"655\" height=\"196\" src=\"https:\/\/physiopraxis-hollerbach.de\/wp-content\/uploads\/2025\/07\/Webseite-Hollerbach-3.png\" alt=\"\" class=\"wp-image-422\" style=\"width:655px;height:auto\" srcset=\"https:\/\/physiopraxis-hollerbach.de\/wp-content\/uploads\/2025\/07\/Webseite-Hollerbach-3.png 655w, https:\/\/physiopraxis-hollerbach.de\/wp-content\/uploads\/2025\/07\/Webseite-Hollerbach-3-300x90.png 300w\" sizes=\"auto, (max-width: 655px) 100vw, 655px\" \/><\/figure>\n<\/div><\/div>\n\n\n\n<div class=\"wp-block-group is-layout-grid wp-container-core-group-is-layout-478b6e6b wp-block-group-is-layout-grid\">\n<p><\/p>\n\n\n\n<div class=\"wp-block-columns is-layout-flex wp-container-core-columns-is-layout-28f84493 wp-block-columns-is-layout-flex\">\n<div class=\"wp-block-column is-layout-flow wp-block-column-is-layout-flow\" style=\"flex-basis:100%\">\n<div class=\"wp-block-group is-layout-grid wp-container-core-group-is-layout-478b6e6b wp-block-group-is-layout-grid\">\n<figure class=\"wp-block-image aligncenter size-full is-resized\"><img loading=\"lazy\" decoding=\"async\" width=\"444\" height=\"444\" src=\"https:\/\/physiopraxis-hollerbach.de\/wp-content\/uploads\/2025\/07\/7-edited.png\" alt=\"\" class=\"wp-image-438\" style=\"width:70px;height:auto\" srcset=\"https:\/\/physiopraxis-hollerbach.de\/wp-content\/uploads\/2025\/07\/7-edited.png 444w, https:\/\/physiopraxis-hollerbach.de\/wp-content\/uploads\/2025\/07\/7-edited-300x300.png 300w, https:\/\/physiopraxis-hollerbach.de\/wp-content\/uploads\/2025\/07\/7-edited-150x150.png 150w\" sizes=\"auto, (max-width: 444px) 100vw, 444px\" \/><figcaption class=\"wp-element-caption\"><strong>info@physiopraxis-hollerbach.de<\/strong><\/figcaption><\/figure>\n<\/div>\n<\/div>\n<\/div>\n\n\n\n<figure class=\"wp-block-image aligncenter size-large is-resized\"><img loading=\"lazy\" decoding=\"async\" width=\"963\" height=\"1024\" src=\"https:\/\/physiopraxis-hollerbach.de\/wp-content\/uploads\/2025\/07\/5-963x1024.png\" alt=\"\" class=\"wp-image-393\" style=\"width:60px;height:auto\" srcset=\"https:\/\/physiopraxis-hollerbach.de\/wp-content\/uploads\/2025\/07\/5-963x1024.png 963w, https:\/\/physiopraxis-hollerbach.de\/wp-content\/uploads\/2025\/07\/5-282x300.png 282w, https:\/\/physiopraxis-hollerbach.de\/wp-content\/uploads\/2025\/07\/5-768x817.png 768w, https:\/\/physiopraxis-hollerbach.de\/wp-content\/uploads\/2025\/07\/5.png 1080w\" sizes=\"auto, (max-width: 963px) 100vw, 963px\" \/><figcaption class=\"wp-element-caption\"><strong>Rathausplatz 2<br>67454 Ha\u00dfloch<\/strong><\/figcaption><\/figure>\n\n\n\n<figure class=\"wp-block-image aligncenter size-full is-resized wp-container-content-69bc4bdf\"><img loading=\"lazy\" decoding=\"async\" width=\"444\" height=\"444\" src=\"https:\/\/physiopraxis-hollerbach.de\/wp-content\/uploads\/2025\/07\/7-Kopie-3-edited.png\" alt=\"\" class=\"wp-image-439\" style=\"width:69px;height:auto\" srcset=\"https:\/\/physiopraxis-hollerbach.de\/wp-content\/uploads\/2025\/07\/7-Kopie-3-edited.png 444w, https:\/\/physiopraxis-hollerbach.de\/wp-content\/uploads\/2025\/07\/7-Kopie-3-edited-300x300.png 300w, https:\/\/physiopraxis-hollerbach.de\/wp-content\/uploads\/2025\/07\/7-Kopie-3-edited-150x150.png 150w\" sizes=\"auto, (max-width: 444px) 100vw, 444px\" \/><figcaption class=\"wp-element-caption\"><strong>06324 \/ 593552<\/strong><br><\/figcaption><\/figure>\n<\/div>\n\n\n\n<div class=\"wp-block-contact-form-7-contact-form-selector\">\n<div class=\"wpcf7 no-js\" id=\"wpcf7-f450-o1\" lang=\"de-DE\" dir=\"ltr\" data-wpcf7-id=\"450\">\n<div class=\"screen-reader-response\"><p role=\"status\" aria-live=\"polite\" aria-atomic=\"true\"><\/p> <ul><\/ul><\/div>\n<form action=\"\/index.php?rest_route=%2Fwp%2Fv2%2Fpages%2F504#wpcf7-f450-o1\" method=\"post\" class=\"wpcf7-form init\" aria-label=\"Kontaktformular\" novalidate=\"novalidate\" data-status=\"init\">\n<fieldset class=\"hidden-fields-container\"><input type=\"hidden\" name=\"_wpcf7\" value=\"450\" \/><input type=\"hidden\" name=\"_wpcf7_version\" value=\"6.1.5\" \/><input type=\"hidden\" name=\"_wpcf7_locale\" value=\"de_DE\" \/><input type=\"hidden\" name=\"_wpcf7_unit_tag\" value=\"wpcf7-f450-o1\" \/><input type=\"hidden\" name=\"_wpcf7_container_post\" value=\"0\" \/><input type=\"hidden\" name=\"_wpcf7_posted_data_hash\" value=\"\" \/>\n<\/fieldset>\n<p><label> Dein Name<br \/>\n<span class=\"wpcf7-form-control-wrap\" data-name=\"your-name\"><input size=\"40\" maxlength=\"400\" class=\"wpcf7-form-control wpcf7-text wpcf7-validates-as-required\" autocomplete=\"name\" aria-required=\"true\" aria-invalid=\"false\" value=\"\" type=\"text\" name=\"your-name\" \/><\/span> <\/label>\n<\/p>\n<p><label> Deine E-Mail-Adresse<br \/>\n<span class=\"wpcf7-form-control-wrap\" data-name=\"your-email\"><input size=\"40\" maxlength=\"400\" class=\"wpcf7-form-control wpcf7-email wpcf7-validates-as-required wpcf7-text wpcf7-validates-as-email\" autocomplete=\"email\" aria-required=\"true\" aria-invalid=\"false\" value=\"\" type=\"email\" name=\"your-email\" \/><\/span> <\/label>\n<\/p>\n<p><label> Betreff<br \/>\n<span class=\"wpcf7-form-control-wrap\" data-name=\"your-subject\"><input size=\"40\" maxlength=\"400\" class=\"wpcf7-form-control wpcf7-text wpcf7-validates-as-required\" aria-required=\"true\" aria-invalid=\"false\" value=\"\" type=\"text\" name=\"your-subject\" \/><\/span> <\/label>\n<\/p>\n<p><label> Deine Nachricht (optional)<br \/>\n<span class=\"wpcf7-form-control-wrap\" data-name=\"your-message\"><textarea cols=\"40\" rows=\"10\" maxlength=\"2000\" class=\"wpcf7-form-control wpcf7-textarea\" aria-invalid=\"false\" name=\"your-message\"><\/textarea><\/span> <\/label>\n<\/p>\n<p><input class=\"wpcf7-form-control wpcf7-submit has-spinner\" type=\"submit\" value=\"Senden\" \/>\n<\/p><div class=\"wpcf7-response-output\" aria-hidden=\"true\"><\/div>\n<\/form>\n<\/div>\n<\/div>\n","protected":false},"excerpt":{"rendered":"<p>Offene Stellen \u2022 Vielf\u00e4ltige Therapiebereiche \u2013 von Baby bis Erwachsene, ganzheitlich &#038; individuell \u2022 Unbefristete Festanstellung \u2013 sichere Perspektive in [&hellip;]<\/p>\n","protected":false},"author":2,"featured_media":0,"parent":0,"menu_order":0,"comment_status":"closed","ping_status":"closed","template":"","meta":{"site-sidebar-layout":"default","site-content-layout":"","ast-site-content-layout":"default","site-content-style":"default","site-sidebar-style":"default","ast-global-header-display":"","ast-banner-title-visibility":"","ast-main-header-display":"","ast-hfb-above-header-display":"","ast-hfb-below-header-display":"","ast-hfb-mobile-header-display":"","site-post-title":"disabled","ast-breadcrumbs-content":"","ast-featured-img":"","footer-sml-layout":"","ast-disable-related-posts":"","theme-transparent-header-meta":"","adv-header-id-meta":"","stick-header-meta":"","header-above-stick-meta":"","header-main-stick-meta":"","header-below-stick-meta":"","astra-migrate-meta-layouts":"default","ast-page-background-enabled":"default","ast-page-background-meta":{"desktop":{"background-color":"var(--ast-global-color-5)","background-image":"","background-repeat":"repeat","background-position":"center center","background-size":"auto","background-attachment":"scroll","background-type":"","background-media":"","overlay-type":"","overlay-color":"","overlay-opacity":"","overlay-gradient":""},"tablet":{"background-color":"","background-image":"","background-repeat":"repeat","background-position":"center center","background-size":"auto","background-attachment":"scroll","background-type":"","background-media":"","overlay-type":"","overlay-color":"","overlay-opacity":"","overlay-gradient":""},"mobile":{"background-color":"","background-image":"","background-repeat":"repeat","background-position":"center center","background-size":"auto","background-attachment":"scroll","background-type":"","background-media":"","overlay-type":"","overlay-color":"","overlay-opacity":"","overlay-gradient":""}},"ast-content-background-meta":{"desktop":{"background-color":"var(--ast-global-color-4)","background-image":"","background-repeat":"repeat","background-position":"center center","background-size":"auto","background-attachment":"scroll","background-type":"","background-media":"","overlay-type":"","overlay-color":"","overlay-opacity":"","overlay-gradient":""},"tablet":{"background-color":"var(--ast-global-color-4)","background-image":"","background-repeat":"repeat","background-position":"center center","background-size":"auto","background-attachment":"scroll","background-type":"","background-media":"","overlay-type":"","overlay-color":"","overlay-opacity":"","overlay-gradient":""},"mobile":{"background-color":"var(--ast-global-color-4)","background-image":"","background-repeat":"repeat","background-position":"center center","background-size":"auto","background-attachment":"scroll","background-type":"","background-media":"","overlay-type":"","overlay-color":"","overlay-opacity":"","overlay-gradient":""}},"footnotes":""},"class_list":["post-504","page","type-page","status-publish","hentry"],"_links":{"self":[{"href":"https:\/\/physiopraxis-hollerbach.de\/index.php?rest_route=\/wp\/v2\/pages\/504","targetHints":{"allow":["GET"]}}],"collection":[{"href":"https:\/\/physiopraxis-hollerbach.de\/index.php?rest_route=\/wp\/v2\/pages"}],"about":[{"href":"https:\/\/physiopraxis-hollerbach.de\/index.php?rest_route=\/wp\/v2\/types\/page"}],"author":[{"embeddable":true,"href":"https:\/\/physiopraxis-hollerbach.de\/index.php?rest_route=\/wp\/v2\/users\/2"}],"replies":[{"embeddable":true,"href":"https:\/\/physiopraxis-hollerbach.de\/index.php?rest_route=%2Fwp%2Fv2%2Fcomments&post=504"}],"version-history":[{"count":9,"href":"https:\/\/physiopraxis-hollerbach.de\/index.php?rest_route=\/wp\/v2\/pages\/504\/revisions"}],"predecessor-version":[{"id":610,"href":"https:\/\/physiopraxis-hollerbach.de\/index.php?rest_route=\/wp\/v2\/pages\/504\/revisions\/610"}],"wp:attachment":[{"href":"https:\/\/physiopraxis-hollerbach.de\/index.php?rest_route=%2Fwp%2Fv2%2Fmedia&parent=504"}],"curies":[{"name":"wp","href":"https:\/\/api.w.org\/{rel}","templated":true}]}}